{"id":937,"date":"2025-07-01T07:52:08","date_gmt":"2025-07-01T07:52:08","guid":{"rendered":"https:\/\/www.holzwegpassage.de\/barriere-freiheit\/"},"modified":"2025-11-14T14:20:43","modified_gmt":"2025-11-14T14:20:43","slug":"barriere-freiheit","status":"publish","type":"page","link":"https:\/\/www.holzwegpassage.de\/ls\/barriere-freiheit\/","title":{"rendered":"Barriere-Freiheit"},"content":{"rendered":"\n<div style=\"height:50px\" aria-hidden=\"true\" class=\"wp-block-spacer\"><\/div>\n\n<h1 class=\"wp-block-heading is-style-default\">Erkl\u00e4rung zur Barriere-Freiheit<\/h1>\n\n<p>Diese Internet-Seite wurde im August 2025 \u00fcberarbeitet.<br\/>Dabei wurde auch die Barriere-Freiheit verbessert.<br\/>Die Internet-Seite erf\u00fcllt jetzt wichtige Richtlinien.<br\/>Die Richtlinien hei\u00dfen: WCAG 2.2.<br\/>Diese Richtlinien sagen:<br\/>Das muss eine Internet-Seite haben, um barrierefrei zu sein.<br\/>Nur so k\u00f6nnen alle menschen die Internet-Seite gut nutzen.<\/p>\n\n<h3 class=\"wp-block-heading\">Unser Ziel: alle Menschen k\u00f6nnen diese Internet-Seite benutzen<\/h3>\n\n<p>F\u00fcr uns ist wichtig:<br\/>Alle Menschen k\u00f6nnen alle Angebote nutzen.<br\/>Das gilt auch f\u00fcr Internet-Seiten.<br\/>Dabei ist es egal, welche Behinderung ein Mensch hat.<br\/><br\/>Es gibt 4 wichtige Themen bei der Barriere-Freiheit.<br\/>So hei\u00dfen diese Themen: <\/p>\n\n<ul class=\"wp-block-list\">\n<li><strong>Wahrnehmbarkeit<\/strong><br\/>Alle Menschen k\u00f6nnen Dinge auf der Internet-Seite wahrnehmen.<br\/>Menschen k\u00f6nnen die Dinge sehen.<br\/>Oder h\u00f6ren.<br\/>Und die Menschen k\u00f6nnen die Dinge finden.<br\/>Zum Beispiel auch auf einem Tablet.<\/li>\n\n\n\n<li><strong>Bedienbarkeit<\/strong><br\/>Alle Menschen k\u00f6nnen die Internet-Seite benutzen.<br\/>Zum Beispiel nur mit einer Tastatur.<\/li>\n\n\n\n<li><strong>Verst\u00e4ndlichkeit<\/strong><br\/>Alle Menschen k\u00f6nnen die Internet-Seite verstehen.<br\/>Das gilt f\u00fcr alle Dinge auf der Internet-Seite.<br\/>Aber auch f\u00fcr die Internet-Seite selbst.<br\/>Alle Menschen k\u00f6nnen zum Beispiel Informationen suchen und finden.<\/li>\n\n\n\n<li><strong>Robustheit<\/strong><br\/>Die Internet-Seite funktioniert immer gut.<br\/>Zum Beispiel auf verschiedenen Ger\u00e4ten.<br\/>Oder wenn man ein Hilfs-Mittel benutzt.<br\/>Zum Beispiel einen Screenreader f\u00fcr blinde Menschen.<\/li>\n<\/ul>\n\n<h3 class=\"wp-block-heading\">Was haben wir umgesetzt?<\/h3>\n\n<p>Wir haben zuerst eine genaue Pr\u00fcfung gemacht.<br\/>Dabei ging es darum:<br\/>Was m\u00fcssen wir noch verbessern?<br\/>Wie wird die Internet-Seite barrierefrei?<br\/><br\/>Die Pr\u00fcfung haben wir mit dem Pr\u00fcfwerkzeug AxeCore gemacht.<br\/>Wir haben auch noch andere Tests gemacht.<br\/>Nach den Pr\u00fcfungen haben wir diese Dinge verbessert:<\/p>\n\n<ul class=\"wp-block-list\">\n<li>Verbesserung der <strong>Farbkontraste<\/strong> bei Schaltfl\u00e4chen, Links und Textelementen zur Einhaltung von Mindestkontrastwerten<\/li>\n\n\n\n<li><strong>Tastaturbedienbarkeit<\/strong> aller interaktiven Elemente inkl. Men\u00fc, Suchfunktion, Slidern und Formularen <\/li>\n\n\n\n<li>Korrekte <strong>Fokusf\u00fchrung<\/strong> sowie sichtbare Fokuszust\u00e4nde bei Tastatursteuerung<\/li>\n\n\n\n<li>Implementierung von <strong>Skip-Links<\/strong> zur direkten Navigation zum Hauptinhalt<\/li>\n\n\n\n<li>Einbindung aussagekr\u00e4ftiger <strong>Alternativtexte<\/strong> f\u00fcr informative Bilder und Icons (bei dekorativen Grafiken: leere Alt-Attribute)<\/li>\n\n\n\n<li>Eindeutige <strong>Beschriftung aller Buttons und Links<\/strong> (z.\u202fB. durch aria-label oder sinnvolle Linktexte)<\/li>\n\n\n\n<li>Optimierte <strong>\u00dcberschriftenstruktur<\/strong> (z.\u202fB. nur eine H1 pro Seite, korrekte Hierarchie der Abschnitte)<\/li>\n\n\n\n<li>Verbesserung der <strong>Struktur durch Landmarken<\/strong> (role=&#8221;main&#8221;, role=&#8221;navigation&#8221; etc.) zur Unterst\u00fctzung von Screenreader-Navigation<\/li>\n\n\n\n<li>Semantisch korrekte <strong>HTML-Struktur<\/strong> durch Listen, Artikel-Container und Regionen<\/li>\n\n\n\n<li>Optimierung der <strong>Responsivit\u00e4t<\/strong> f\u00fcr mobile Endger\u00e4te (Viewport-Einstellung, Layoutkorrekturen)<\/li>\n<\/ul>\n\n<h3 class=\"wp-block-heading\">Technischer Standard<\/h3>\n\n<p>Diese Website erf\u00fcllt nach aktuellem Stand die Anforderungen der <strong>WCAG 2.2 in Konformit\u00e4tsstufe AA<\/strong> sowie die gesetzlichen Vorgaben des <strong>Barrierefreiheitsst\u00e4rkungsgesetzes (BFSG)<\/strong>, soweit technisch m\u00f6glich und wirtschaftlich zumutbar.<\/p>\n\n<p>Einzelne Funktionen befinden sich weiterhin in \u00dcberarbeitung und werden in einem iterativen Verbesserungsprozess barrierefrei gestaltet.<\/p>\n\n<h2 class=\"wp-block-heading\">Wann wurde diese Erkl\u00e4rung zur Barriere-Freiheit geschrieben?<\/h2>\n\n<p>Diese Erkl\u00e4rung wurde zuletzt am 25. September 2025 gepr\u00fcft und aktualisiert.<br\/> <\/p>\n\n<h2 class=\"wp-block-heading\">Feedback und Kontakt<\/h2>\n\n<p>Wir freuen uns \u00fcber f\u00fcr jedes Feedback zur Barrierefreiheit auf unserer Internet-Seite.<\/p>\n\n<p>Haben Sie auf unserer Internet-Seite noch weitere Hindernisse gefunden?<br\/>Oder haben Sie Fragen zur Barriere-Freiheit auf holzwegpassage.de?<br\/>Dann schreiben Sie uns bitte an: info@holzwegpassage.de. <\/p>\n\n<p>Wir versuchen, Ihre Anfrage zeitnah zu bearbeiten.<\/p>\n\n<h2 class=\"wp-block-heading\">Schlichtungs-Verfahren<\/h2>\n\n<p>Ein Schlichtungs-Verfahren funktioniert so:<br\/>Ein Mensch mit Behinderungen hat eine Barriere<br\/>auf der Internet-Seite von einer \u00f6ffentlichen Stelle gefunden.<br\/>Zum Beispiel auf dieser Internet-Seite.<br\/>Deshalb hat sich der Mensch bei der \u00f6ffentlichen Stelle beschwert.<br\/>Aber die \u00f6ffentliche Stelle hat nicht geantwortet.<br\/>Oder die \u00f6ffentliche Stelle hat die Barriere nicht abgebaut.<br\/>Dann kann sich der Mensch mit Behinderungen<br\/>bei der Schlichtungs-Stelle melden.<br\/>Die Schlichtungs-Stelle pr\u00fcft:<br\/>Was ist das Problem?<br\/>Wie k\u00f6nnen wir das Problem l\u00f6sen?<br\/><br\/>Haben Sie eine Barriere auf unserer Internet-Seite gefunden?<br\/>Und Sie haben uns \u00fcber das Kontakt-Formular geschrieben?<br\/>Oder Sie haben uns eine E-Mail oder einen Brief geschrieben?<br\/>Aber wir haben Ihnen nicht geantwortet?<br\/>Oder Sie sind mit der Antwort nicht zufrieden?<br\/>Dann k\u00f6nnen Sie ein Schlichtungs-Verfahren machen.<br\/>Ein Schlichtungs-Verfahren ist kostenlos.    <\/p>\n\n<p>Kontakt-Infos von der Schlichtungs-Stelle<\/p>\n\n<p>Ombudsstelle f\u00fcr barrierefreie Informationstechnik des Landes Nordrhein-Westfalen<br\/>Telefon: +49 211 855-3451<br\/>E-Mail: ombudsstelle-barrierefreie-it@mags.nrw.de<br\/>Internet: <a href=\"https:\/\/www.mags.nrw\/ombudsstelle-barrierefreie-informationstechnik\" target=\"_blank\" rel=\"noreferrer noopener\">Ombudsstelle Nordrhein-Westfalen<\/a><\/p>\n","protected":false},"excerpt":{"rendered":"<p>Erkl\u00e4rung zur Barriere-Freiheit Diese Internet-Seite wurde im August 2025 \u00fcberarbeitet.Dabei wurde auch die Barriere-Freiheit verbessert.Die Internet-Seite erf\u00fcllt jetzt wichtige Richtlinien.Die Richtlinien hei\u00dfen: WCAG 2.2.Diese Richtlinien sagen:Das muss eine Internet-Seite haben, um barrierefrei zu sein.Nur so k\u00f6nnen alle menschen die Internet-Seite gut nutzen. Unser Ziel: alle Menschen k\u00f6nnen diese Internet-Seite benutzen F\u00fcr uns ist wichtig:Alle Menschen [&hellip;]<\/p>\n","protected":false},"author":4,"featured_media":0,"parent":0,"menu_order":0,"comment_status":"closed","ping_status":"closed","template":"","meta":{"_acf_changed":false,"footnotes":""},"class_list":["post-937","page","type-page","status-publish","hentry"],"acf":[],"yoast_head":"<!-- This site is optimized with the Yoast SEO plugin v27.4 - https:\/\/yoast.com\/product\/yoast-seo-wordpress\/ -->\n<title>Barriere-Freiheit - Holzweg-Passage<\/title>\n<meta name=\"robots\" content=\"index, follow, max-snippet:-1, max-image-preview:large, max-video-preview:-1\" \/>\n<link rel=\"canonical\" href=\"https:\/\/www.holzwegpassage.de\/ls\/barriere-freiheit\/\" \/>\n<meta property=\"og:locale\" content=\"de_DE\" \/>\n<meta property=\"og:type\" content=\"article\" \/>\n<meta property=\"og:title\" content=\"Barriere-Freiheit - Holzweg-Passage\" \/>\n<meta property=\"og:description\" content=\"Erkl\u00e4rung zur Barriere-Freiheit Diese Internet-Seite wurde im August 2025 \u00fcberarbeitet.Dabei wurde auch die Barriere-Freiheit verbessert.Die Internet-Seite erf\u00fcllt jetzt wichtige Richtlinien.Die Richtlinien hei\u00dfen: WCAG 2.2.Diese Richtlinien sagen:Das muss eine Internet-Seite haben, um barrierefrei zu sein.Nur so k\u00f6nnen alle menschen die Internet-Seite gut nutzen. Unser Ziel: alle Menschen k\u00f6nnen diese Internet-Seite benutzen F\u00fcr uns ist wichtig:Alle Menschen [&hellip;]\" \/>\n<meta property=\"og:url\" content=\"https:\/\/www.holzwegpassage.de\/ls\/barriere-freiheit\/\" \/>\n<meta property=\"og:site_name\" content=\"Holzweg-Passage\" \/>\n<meta property=\"article:modified_time\" content=\"2025-11-14T14:20:43+00:00\" \/>\n<meta name=\"twitter:card\" content=\"summary_large_image\" \/>\n<meta name=\"twitter:label1\" content=\"Est. reading time\" \/>\n\t<meta name=\"twitter:data1\" content=\"3 minutes\" \/>\n<script type=\"application\/ld+json\" class=\"yoast-schema-graph\">{\"@context\":\"https:\\\/\\\/schema.org\",\"@graph\":[{\"@type\":\"WebPage\",\"@id\":\"https:\\\/\\\/www.holzwegpassage.de\\\/ls\\\/barriere-freiheit\\\/\",\"url\":\"https:\\\/\\\/www.holzwegpassage.de\\\/ls\\\/barriere-freiheit\\\/\",\"name\":\"Barriere-Freiheit - Holzweg-Passage\",\"isPartOf\":{\"@id\":\"https:\\\/\\\/www.holzwegpassage.de\\\/ls\\\/#website\"},\"datePublished\":\"2025-07-01T07:52:08+00:00\",\"dateModified\":\"2025-11-14T14:20:43+00:00\",\"breadcrumb\":{\"@id\":\"https:\\\/\\\/www.holzwegpassage.de\\\/ls\\\/barriere-freiheit\\\/#breadcrumb\"},\"inLanguage\":\"de-LS\",\"potentialAction\":[{\"@type\":\"ReadAction\",\"target\":[\"https:\\\/\\\/www.holzwegpassage.de\\\/ls\\\/barriere-freiheit\\\/\"]}]},{\"@type\":\"BreadcrumbList\",\"@id\":\"https:\\\/\\\/www.holzwegpassage.de\\\/ls\\\/barriere-freiheit\\\/#breadcrumb\",\"itemListElement\":[{\"@type\":\"ListItem\",\"position\":1,\"name\":\"Startseite\",\"item\":\"https:\\\/\\\/www.holzwegpassage.de\\\/ls\\\/\"},{\"@type\":\"ListItem\",\"position\":2,\"name\":\"Barriere-Freiheit\"}]},{\"@type\":\"WebSite\",\"@id\":\"https:\\\/\\\/www.holzwegpassage.de\\\/ls\\\/#website\",\"url\":\"https:\\\/\\\/www.holzwegpassage.de\\\/ls\\\/\",\"name\":\"Holzweg-Passage\",\"description\":\"Deine Einkaufspassage mit Einzelhandel, Gastronomie &amp; Service in Baumberg, 40789 Monheim am Rhein\",\"potentialAction\":[{\"@type\":\"SearchAction\",\"target\":{\"@type\":\"EntryPoint\",\"urlTemplate\":\"https:\\\/\\\/www.holzwegpassage.de\\\/ls\\\/?s={search_term_string}\"},\"query-input\":{\"@type\":\"PropertyValueSpecification\",\"valueRequired\":true,\"valueName\":\"search_term_string\"}}],\"inLanguage\":\"de-LS\"}]}<\/script>\n<!-- \/ Yoast SEO plugin. -->","yoast_head_json":{"title":"Barriere-Freiheit - Holzweg-Passage","robots":{"index":"index","follow":"follow","max-snippet":"max-snippet:-1","max-image-preview":"max-image-preview:large","max-video-preview":"max-video-preview:-1"},"canonical":"https:\/\/www.holzwegpassage.de\/ls\/barriere-freiheit\/","og_locale":"de_DE","og_type":"article","og_title":"Barriere-Freiheit - Holzweg-Passage","og_description":"Erkl\u00e4rung zur Barriere-Freiheit Diese Internet-Seite wurde im August 2025 \u00fcberarbeitet.Dabei wurde auch die Barriere-Freiheit verbessert.Die Internet-Seite erf\u00fcllt jetzt wichtige Richtlinien.Die Richtlinien hei\u00dfen: WCAG 2.2.Diese Richtlinien sagen:Das muss eine Internet-Seite haben, um barrierefrei zu sein.Nur so k\u00f6nnen alle menschen die Internet-Seite gut nutzen. Unser Ziel: alle Menschen k\u00f6nnen diese Internet-Seite benutzen F\u00fcr uns ist wichtig:Alle Menschen [&hellip;]","og_url":"https:\/\/www.holzwegpassage.de\/ls\/barriere-freiheit\/","og_site_name":"Holzweg-Passage","article_modified_time":"2025-11-14T14:20:43+00:00","twitter_card":"summary_large_image","twitter_misc":{"Est. reading time":"3 minutes"},"schema":{"@context":"https:\/\/schema.org","@graph":[{"@type":"WebPage","@id":"https:\/\/www.holzwegpassage.de\/ls\/barriere-freiheit\/","url":"https:\/\/www.holzwegpassage.de\/ls\/barriere-freiheit\/","name":"Barriere-Freiheit - Holzweg-Passage","isPartOf":{"@id":"https:\/\/www.holzwegpassage.de\/ls\/#website"},"datePublished":"2025-07-01T07:52:08+00:00","dateModified":"2025-11-14T14:20:43+00:00","breadcrumb":{"@id":"https:\/\/www.holzwegpassage.de\/ls\/barriere-freiheit\/#breadcrumb"},"inLanguage":"de-LS","potentialAction":[{"@type":"ReadAction","target":["https:\/\/www.holzwegpassage.de\/ls\/barriere-freiheit\/"]}]},{"@type":"BreadcrumbList","@id":"https:\/\/www.holzwegpassage.de\/ls\/barriere-freiheit\/#breadcrumb","itemListElement":[{"@type":"ListItem","position":1,"name":"Startseite","item":"https:\/\/www.holzwegpassage.de\/ls\/"},{"@type":"ListItem","position":2,"name":"Barriere-Freiheit"}]},{"@type":"WebSite","@id":"https:\/\/www.holzwegpassage.de\/ls\/#website","url":"https:\/\/www.holzwegpassage.de\/ls\/","name":"Holzweg-Passage","description":"Deine Einkaufspassage mit Einzelhandel, Gastronomie &amp; Service in Baumberg, 40789 Monheim am Rhein","potentialAction":[{"@type":"SearchAction","target":{"@type":"EntryPoint","urlTemplate":"https:\/\/www.holzwegpassage.de\/ls\/?s={search_term_string}"},"query-input":{"@type":"PropertyValueSpecification","valueRequired":true,"valueName":"search_term_string"}}],"inLanguage":"de-LS"}]}},"_links":{"self":[{"href":"https:\/\/www.holzwegpassage.de\/ls\/wp-json\/wp\/v2\/pages\/937","targetHints":{"allow":["GET"]}}],"collection":[{"href":"https:\/\/www.holzwegpassage.de\/ls\/wp-json\/wp\/v2\/pages"}],"about":[{"href":"https:\/\/www.holzwegpassage.de\/ls\/wp-json\/wp\/v2\/types\/page"}],"author":[{"embeddable":true,"href":"https:\/\/www.holzwegpassage.de\/ls\/wp-json\/wp\/v2\/users\/4"}],"replies":[{"embeddable":true,"href":"https:\/\/www.holzwegpassage.de\/ls\/wp-json\/wp\/v2\/comments?post=937"}],"version-history":[{"count":4,"href":"https:\/\/www.holzwegpassage.de\/ls\/wp-json\/wp\/v2\/pages\/937\/revisions"}],"predecessor-version":[{"id":1366,"href":"https:\/\/www.holzwegpassage.de\/ls\/wp-json\/wp\/v2\/pages\/937\/revisions\/1366"}],"wp:attachment":[{"href":"https:\/\/www.holzwegpassage.de\/ls\/wp-json\/wp\/v2\/media?parent=937"}],"curies":[{"name":"wp","href":"https:\/\/api.w.org\/{rel}","templated":true}]}}